{"id":463,"date":"2023-08-03T16:56:38","date_gmt":"2023-08-03T14:56:38","guid":{"rendered":"https:\/\/calafellevasion.com\/blog\/"},"modified":"2024-08-28T09:03:34","modified_gmt":"2024-08-28T07:03:34","slug":"blog","status":"publish","type":"page","link":"https:\/\/calafellevasion.com\/fr\/blog\/","title":{"rendered":"Blog"},"content":{"rendered":"<p><div class=\"fusion-fullwidth fullwidth-box fusion-builder-row-1 fusion-flex-container fusion-parallax-none hundred-percent-fullwidth non-hundred-percent-height-scrolling lazyload\" style=\"background-color: rgba(0,0,0,0.3);background-image:inherit;background-position: center center;background-repeat: no-repeat;background-blend-mode: overlay;border-width: 0px 0px 0px 0px;border-color:#e2e2e2;border-style:solid;-webkit-background-size:cover;-moz-background-size:cover;-o-background-size:cover;background-size:cover;min-height:300px;\"  data-bg-image=\"url(&quot;https:\/\/calafellevasion.com\/wp-content\/uploads\/2023\/09\/cosechado-vista-manos-mecanografia-computadora.jpg&quot;)\"><div class=\"fusion-builder-row fusion-row fusion-flex-align-items-flex-start\" style=\"width:104% !important;max-width:104% !important;margin-left: calc(-4% \/ 2 );margin-right: calc(-4% \/ 2 );\"><div class=\"fusion-layout-column fusion_builder_column fusion-builder-column-0 fusion_builder_column_1_1 1_1 fusion-flex-column fusion-flex-align-self-flex-end\"><div class=\"fusion-column-wrapper fusion-flex-justify-content-flex-start fusion-content-layout-column\" style=\"background-position:left top;background-repeat:no-repeat;-webkit-background-size:cover;-moz-background-size:cover;-o-background-size:cover;background-size:cover;padding: 0px 10% 0px 10%;\"><style type=\"text\/css\">@media only screen and (max-width:1024px) {.fusion-title.fusion-title-1{margin-top:10px!important;margin-bottom:15px!important;}}@media only screen and (max-width:640px) {.fusion-title.fusion-title-1{margin-top:10px!important;margin-bottom:10px!important;}}<\/style><div class=\"fusion-title title fusion-title-1 fusion-sep-none fusion-title-text fusion-title-size-two\" style=\"margin-top:10px;margin-bottom:15px;\"><h2 class=\"title-heading-left\" style=\"margin:0;color:#ffffff;\">Blog et actualit\u00e9s<\/h2><\/div><\/div><\/div><style type=\"text\/css\">.fusion-body .fusion-builder-column-0{width:100% !important;margin-top : 0px;margin-bottom : 20px;}.fusion-builder-column-0 > .fusion-column-wrapper {padding-top : 0px !important;padding-right : 10% !important;margin-right : 1.92%;padding-bottom : 0px !important;padding-left : 10% !important;margin-left : 1.92%;}@media only screen and (max-width:1024px) {.fusion-body .fusion-builder-column-0{width:100% !important;order : 0;}.fusion-builder-column-0 > .fusion-column-wrapper {margin-right : 1.92%;margin-left : 1.92%;}}@media only screen and (max-width:640px) {.fusion-body .fusion-builder-column-0{width:100% !important;order : 0;}.fusion-builder-column-0 > .fusion-column-wrapper {margin-right : 1.92%;margin-left : 1.92%;}}<\/style><\/div><style type=\"text\/css\">.fusion-body .fusion-flex-container.fusion-builder-row-1{ padding-top : 0px;margin-top : 0px;padding-right : 0px;padding-bottom : 0px;margin-bottom : 150px;padding-left : 0px;}<\/style><\/div><div class=\"fusion-fullwidth fullwidth-box fusion-builder-row-2 fusion-flex-container nonhundred-percent-fullwidth non-hundred-percent-height-scrolling\" style=\"background-color: rgba(255,255,255,0);background-position: center center;background-repeat: no-repeat;border-width: 0px 0px 0px 0px;border-color:#e2e2e2;border-style:solid;\" ><div class=\"fusion-builder-row fusion-row fusion-flex-align-items-flex-start\" style=\"max-width:1497.6px;margin-left: calc(-4% \/ 2 );margin-right: calc(-4% \/ 2 );\"><div class=\"fusion-layout-column fusion_builder_column fusion-builder-column-1 fusion_builder_column_1_1 1_1 fusion-flex-column\"><div class=\"fusion-column-wrapper fusion-flex-justify-content-flex-start fusion-content-layout-column\" style=\"background-position:left top;background-repeat:no-repeat;-webkit-background-size:cover;-moz-background-size:cover;-o-background-size:cover;background-size:cover;padding: 0px 0px 0px 0px;\">\r\n<div class=\"blog-categories last-posts-blog\">\r\n    <div class=\"title-posts-blog\">\r\n        <h3>Derni\u00e8res publications<\/h3>\r\n        <div class=\"horizontal-line\"><\/div>\r\n    <\/div>\r\n    <div class=\"posts-by-category\">\r\n                    <div class=\"item-post-blog\">\r\n                <a href=\"https:\/\/calafellevasion.com\/fr\/newsletter-8\/\">\r\n                    <div class=\"image-post-blog lazyload\" style=\"background-image:inherit\" data-bg-image=\"url(&#039;https:\/\/calafellevasion.com\/wp-content\/uploads\/2026\/01\/b2ap3_amp_newsletter.jpg&#039;)\">\r\n                        <p>NEWSLETTER #8<\/p>\r\n                    <\/div>\r\n                <\/a>\r\n            <\/div>\r\n                    <div class=\"item-post-blog\">\r\n                <a href=\"https:\/\/calafellevasion.com\/fr\/newsletter-7\/\">\r\n                    <div class=\"image-post-blog lazyload\" style=\"background-image:inherit\" data-bg-image=\"url(&#039;https:\/\/calafellevasion.com\/wp-content\/uploads\/2026\/02\/20260224_1221_Image-Generation_simple_compose_01kj7p4ctye6b9hs8aqd9txywh.png&#039;)\">\r\n                        <p>NEWSLETTER #7<\/p>\r\n                    <\/div>\r\n                <\/a>\r\n            <\/div>\r\n                    <div class=\"item-post-blog\">\r\n                <a href=\"https:\/\/calafellevasion.com\/fr\/newsletter-6\/\">\r\n                    <div class=\"image-post-blog lazyload\" style=\"background-image:inherit\" data-bg-image=\"url(&#039;https:\/\/calafellevasion.com\/wp-content\/uploads\/2026\/01\/b2ap3_amp_newsletter.jpg&#039;)\">\r\n                        <p>NEWSLETTER #6<\/p>\r\n                    <\/div>\r\n                <\/a>\r\n            <\/div>\r\n            <\/div>\r\n<\/div>\r\n\r\n        <div class=\"blog-categories\">\r\n        <div class=\"title-posts-blog\">\r\n            <h3>Activit\u00e9s<\/h3>\r\n            <div class=\"horizontal-line\"><\/div>\r\n        <\/div>\r\n        <div class=\"posts-by-category\">\r\n                            <div class=\"item-post-blog\">\r\n                    <a href=\"https:\/\/calafellevasion.com\/fr\/le-palais-royal-de-madrid\/\">\r\n                        <div class=\"image-post-blog lazyload\" style=\"background-image:inherit\" data-bg-image=\"url(&#039;https:\/\/calafellevasion.com\/wp-content\/uploads\/2023\/09\/Palacio-real1.webp&#039;)\">\r\n                            <p>Le Palais Royal de Madrid : Tr\u00e9sor d'histoire et d'\u00e9l\u00e9gance au c\u0153ur de l'Espagne<\/p>\r\n                        <\/div>\r\n                    <\/a>\r\n                <\/div>\r\n                            <div class=\"item-post-blog\">\r\n                    <a href=\"https:\/\/calafellevasion.com\/fr\/alhambra-de-grenade\/\">\r\n                        <div class=\"image-post-blog lazyload\" style=\"background-image:inherit\" data-bg-image=\"url(&#039;https:\/\/calafellevasion.com\/wp-content\/uploads\/2024\/08\/99-1.webp&#039;)\">\r\n                            <p>L'Alhambra de Grenade<\/p>\r\n                        <\/div>\r\n                    <\/a>\r\n                <\/div>\r\n                            <div class=\"item-post-blog\">\r\n                    <a href=\"https:\/\/calafellevasion.com\/fr\/parc-guell-larchitecture-et-la-nature-de-gaudi\/\">\r\n                        <div class=\"image-post-blog lazyload\" style=\"background-image:inherit\" data-bg-image=\"url(&#039;https:\/\/calafellevasion.com\/wp-content\/uploads\/2023\/09\/99.webp&#039;)\">\r\n                            <p>Parc G\u00fcell : l'architecture et la nature de Gaud\u00ed<\/p>\r\n                        <\/div>\r\n                    <\/a>\r\n                <\/div>\r\n                            <div class=\"item-post-blog\">\r\n                    <a href=\"https:\/\/calafellevasion.com\/fr\/portaventura-world\/\">\r\n                        <div class=\"image-post-blog lazyload\" style=\"background-image:inherit\" data-bg-image=\"url(&#039;https:\/\/calafellevasion.com\/wp-content\/uploads\/2023\/09\/Vista-de-Dragon-Khan-y-Shambhala-de-PortAventura.webp&#039;)\">\r\n                            <p>PortAventura World : un monde de plaisir et d'excitation en Espagne<\/p>\r\n                        <\/div>\r\n                    <\/a>\r\n                <\/div>\r\n                    <\/div>\r\n    <\/div>\r\n        <div class=\"blog-categories\">\r\n        <div class=\"title-posts-blog\">\r\n            <h3>Destinations<\/h3>\r\n            <div class=\"horizontal-line\"><\/div>\r\n        <\/div>\r\n        <div class=\"posts-by-category\">\r\n                            <div class=\"item-post-blog\">\r\n                    <a href=\"https:\/\/calafellevasion.com\/fr\/decouvrez-la-magie-de-l-andalousie\/\">\r\n                        <div class=\"image-post-blog lazyload\" style=\"background-image:inherit\" data-bg-image=\"url(&#039;https:\/\/calafellevasion.com\/wp-content\/uploads\/2024\/08\/toma-aerea-ciudad-ronda-espana.webp&#039;)\">\r\n                            <p>D\u00e9couvrez la magie de l'Andalousie<\/p>\r\n                        <\/div>\r\n                    <\/a>\r\n                <\/div>\r\n                            <div class=\"item-post-blog\">\r\n                    <a href=\"https:\/\/calafellevasion.com\/fr\/decouvrez-la-beaute-des-iles-baleares\/\">\r\n                        <div class=\"image-post-blog lazyload\" style=\"background-image:inherit\" data-bg-image=\"url(&#039;https:\/\/calafellevasion.com\/wp-content\/uploads\/2024\/08\/vista-catedral-palma-mallorca-espana-europa.webp&#039;)\">\r\n                            <p>D\u00e9couvrez la beaut\u00e9 des \u00eeles Bal\u00e9ares<\/p>\r\n                        <\/div>\r\n                    <\/a>\r\n                <\/div>\r\n                            <div class=\"item-post-blog\">\r\n                    <a href=\"https:\/\/calafellevasion.com\/fr\/decouvrez-la-cantabrie\/\">\r\n                        <div class=\"image-post-blog lazyload\" style=\"background-image:inherit\" data-bg-image=\"url(&#039;https:\/\/calafellevasion.com\/wp-content\/uploads\/2024\/08\/calle-empedrada-santillana-mar-cantabria-1.webp&#039;)\">\r\n                            <p>D\u00e9couvrez la Cantabrie<\/p>\r\n                        <\/div>\r\n                    <\/a>\r\n                <\/div>\r\n                            <div class=\"item-post-blog\">\r\n                    <a href=\"https:\/\/calafellevasion.com\/fr\/decouvrez-la-beaute-a-couper-le-souffle-de-la-costa-brava-2\/\">\r\n                        <div class=\"image-post-blog lazyload\" style=\"background-image:inherit\" data-bg-image=\"url(&#039;https:\/\/calafellevasion.com\/wp-content\/uploads\/2024\/08\/tossa-mar-costa-brava.webp&#039;)\">\r\n                            <p>D\u00e9couvrez la beaut\u00e9 \u00e0 couper le souffle de la Costa Brava<\/p>\r\n                        <\/div>\r\n                    <\/a>\r\n                <\/div>\r\n                            <div class=\"item-post-blog\">\r\n                    <a href=\"https:\/\/calafellevasion.com\/fr\/iles-canaries\/\">\r\n                        <div class=\"image-post-blog lazyload\" style=\"background-image:inherit\" data-bg-image=\"url(&#039;https:\/\/calafellevasion.com\/wp-content\/uploads\/2023\/09\/fascinante-vista-aerea-isla-gran-canaria-cerca-playa-amadores-agua-cristalina-bahia.webp&#039;)\">\r\n                            <p>\u00c0 la d\u00e9couverte des merveilles des \u00celes Canaries<\/p>\r\n                        <\/div>\r\n                    <\/a>\r\n                <\/div>\r\n                            <div class=\"item-post-blog\">\r\n                    <a href=\"https:\/\/calafellevasion.com\/fr\/le-portugal-a-la-decouverte-de-la-beaute-de-la-peninsule-iberique\/\">\r\n                        <div class=\"image-post-blog lazyload\" style=\"background-image:inherit\" data-bg-image=\"url(&#039;https:\/\/calafellevasion.com\/wp-content\/uploads\/2023\/08\/portugal-4828134_640.jpg&#039;)\">\r\n                            <p>Portugal : \u00c0 la D\u00e9couverte de la Beaut\u00e9 de la P\u00e9ninsule Ib\u00e9rique<\/p>\r\n                        <\/div>\r\n                    <\/a>\r\n                <\/div>\r\n                    <\/div>\r\n    <\/div>\r\n        <div class=\"blog-categories\">\r\n        <div class=\"title-posts-blog\">\r\n            <h3>Non classifi\u00e9(e)<\/h3>\r\n            <div class=\"horizontal-line\"><\/div>\r\n        <\/div>\r\n        <div class=\"posts-by-category\">\r\n                            <div class=\"item-post-blog\">\r\n                    <a href=\"https:\/\/calafellevasion.com\/fr\/newsletter-7\/\">\r\n                        <div class=\"image-post-blog lazyload\" style=\"background-image:inherit\" data-bg-image=\"url(&#039;https:\/\/calafellevasion.com\/wp-content\/uploads\/2026\/02\/20260224_1221_Image-Generation_simple_compose_01kj7p4ctye6b9hs8aqd9txywh.png&#039;)\">\r\n                            <p>NEWSLETTER #7<\/p>\r\n                        <\/div>\r\n                    <\/a>\r\n                <\/div>\r\n                            <div class=\"item-post-blog\">\r\n                    <a href=\"https:\/\/calafellevasion.com\/fr\/newsletter-6\/\">\r\n                        <div class=\"image-post-blog lazyload\" style=\"background-image:inherit\" data-bg-image=\"url(&#039;https:\/\/calafellevasion.com\/wp-content\/uploads\/2026\/01\/b2ap3_amp_newsletter.jpg&#039;)\">\r\n                            <p>NEWSLETTER #6<\/p>\r\n                        <\/div>\r\n                    <\/a>\r\n                <\/div>\r\n                    <\/div>\r\n    <\/div>\r\n        <div class=\"blog-categories\">\r\n        <div class=\"title-posts-blog\">\r\n            <h3>Nouvelles<\/h3>\r\n            <div class=\"horizontal-line\"><\/div>\r\n        <\/div>\r\n        <div class=\"posts-by-category\">\r\n                            <div class=\"item-post-blog\">\r\n                    <a href=\"https:\/\/calafellevasion.com\/fr\/newsletter-8\/\">\r\n                        <div class=\"image-post-blog lazyload\" style=\"background-image:inherit\" data-bg-image=\"url(&#039;https:\/\/calafellevasion.com\/wp-content\/uploads\/2026\/01\/b2ap3_amp_newsletter.jpg&#039;)\">\r\n                            <p>NEWSLETTER #8<\/p>\r\n                        <\/div>\r\n                    <\/a>\r\n                <\/div>\r\n                            <div class=\"item-post-blog\">\r\n                    <a href=\"https:\/\/calafellevasion.com\/fr\/newsletter-5\/\">\r\n                        <div class=\"image-post-blog lazyload\" style=\"background-image:inherit\" data-bg-image=\"url(&#039;https:\/\/calafellevasion.com\/wp-content\/uploads\/2025\/12\/AdobeStock_708074836.webp&#039;)\">\r\n                            <p>Newsletter #5<\/p>\r\n                        <\/div>\r\n                    <\/a>\r\n                <\/div>\r\n                            <div class=\"item-post-blog\">\r\n                    <a href=\"https:\/\/calafellevasion.com\/fr\/newsletter-4\/\">\r\n                        <div class=\"image-post-blog lazyload\" style=\"background-image:inherit\" data-bg-image=\"url(&#039;https:\/\/calafellevasion.com\/wp-content\/uploads\/2025\/11\/20251029_171350-scaled.jpg&#039;)\">\r\n                            <p>Newsletter #4<\/p>\r\n                        <\/div>\r\n                    <\/a>\r\n                <\/div>\r\n                            <div class=\"item-post-blog\">\r\n                    <a href=\"https:\/\/calafellevasion.com\/fr\/newsletter-3\/\">\r\n                        <div class=\"image-post-blog lazyload\" style=\"background-image:inherit\" data-bg-image=\"url(&#039;https:\/\/calafellevasion.com\/wp-content\/uploads\/2025\/10\/Sin-titulo.jpg&#039;)\">\r\n                            <p>Newsletter #3<\/p>\r\n                        <\/div>\r\n                    <\/a>\r\n                <\/div>\r\n                            <div class=\"item-post-blog\">\r\n                    <a href=\"https:\/\/calafellevasion.com\/fr\/newsletter-2\/\">\r\n                        <div class=\"image-post-blog lazyload\" style=\"background-image:inherit\" data-bg-image=\"url(&#039;https:\/\/calafellevasion.com\/wp-content\/uploads\/2025\/08\/newsletter-2.jpg&#039;)\">\r\n                            <p>Newsletter #2<\/p>\r\n                        <\/div>\r\n                    <\/a>\r\n                <\/div>\r\n                            <div class=\"item-post-blog\">\r\n                    <a href=\"https:\/\/calafellevasion.com\/fr\/recommandations-de-derniere-minute\/\">\r\n                        <div class=\"image-post-blog lazyload\" style=\"background-image:inherit\" data-bg-image=\"url(&#039;https:\/\/calafellevasion.com\/wp-content\/uploads\/2025\/09\/240_F_179300590_9TaLWBr7B4TjIEjYxOlWeHeNGCureoOe.jpg&#039;)\">\r\n                            <p>Recommandations de derni\u00e8re minute<\/p>\r\n                        <\/div>\r\n                    <\/a>\r\n                <\/div>\r\n                            <div class=\"item-post-blog\">\r\n                    <a href=\"https:\/\/calafellevasion.com\/fr\/4404\/\">\r\n                        <div class=\"image-post-blog lazyload\" style=\"background-image:inherit\" data-bg-image=\"url(&#039;https:\/\/calafellevasion.com\/wp-content\/uploads\/2025\/08\/Sin-titulo-1.png&#039;)\">\r\n                            <p>\u00c7a y est, notre premi\u00e8re Newsletter est arriv\u00e9e !<\/p>\r\n                        <\/div>\r\n                    <\/a>\r\n                <\/div>\r\n                    <\/div>\r\n    <\/div>\r\n<\/div><\/div><style type=\"text\/css\">.fusion-body .fusion-builder-column-1{width:100% !important;margin-top : 0px;margin-bottom : 20px;}.fusion-builder-column-1 > .fusion-column-wrapper {padding-top : 0px !important;padding-right : 0px !important;margin-right : 1.92%;padding-bottom : 0px !important;padding-left : 0px !important;margin-left : 1.92%;}@media only screen and (max-width:1024px) {.fusion-body .fusion-builder-column-1{width:100% !important;order : 0;}.fusion-builder-column-1 > .fusion-column-wrapper {margin-right : 1.92%;margin-left : 1.92%;}}@media only screen and (max-width:640px) {.fusion-body .fusion-builder-column-1{width:100% !important;order : 0;}.fusion-builder-column-1 > .fusion-column-wrapper {margin-right : 1.92%;margin-left : 1.92%;}}<\/style><\/div><style type=\"text\/css\">.fusion-body .fusion-flex-container.fusion-builder-row-2{ padding-top : 0px;margin-top : 0px;padding-right : 0px;padding-bottom : 0px;margin-bottom : 0px;padding-left : 0px;}<\/style><\/div><\/p>\n","protected":false},"excerpt":{"rendered":"","protected":false},"author":1,"featured_media":0,"parent":0,"menu_order":0,"comment_status":"closed","ping_status":"closed","template":"100-width.php","meta":{"om_disable_all_campaigns":false,"_monsterinsights_skip_tracking":false,"_monsterinsights_sitenote_active":false,"_monsterinsights_sitenote_note":"","_monsterinsights_sitenote_category":0,"_uf_show_specific_survey":0,"_uf_disable_surveys":false,"footnotes":""},"class_list":["post-463","page","type-page","status-publish","hentry"],"yoast_head":"<!-- This site is optimized with the Yoast SEO plugin v24.6 - https:\/\/yoast.com\/wordpress\/plugins\/seo\/ -->\n<title>Blog - Calafell Evasi\u00f3n<\/title>\n<meta name=\"description\" content=\"D\u00e9couvrez nos nombreux articles sur vos destinations pr\u00e9f\u00e9r\u00e9es en Espagne et au Portugal dans notre page de blog.\" \/>\n<meta name=\"robots\" content=\"index, follow, max-snippet:-1, max-image-preview:large, max-video-preview:-1\" \/>\n<link rel=\"canonical\" href=\"https:\/\/calafellevasion.com\/fr\/blog\/\" \/>\n<meta property=\"og:locale\" content=\"fr_FR\" \/>\n<meta property=\"og:type\" content=\"article\" \/>\n<meta property=\"og:title\" content=\"Blog - Calafell Evasi\u00f3n\" \/>\n<meta property=\"og:description\" content=\"D\u00e9couvrez nos nombreux articles sur vos destinations pr\u00e9f\u00e9r\u00e9es en Espagne et au Portugal dans notre page de blog.\" \/>\n<meta property=\"og:url\" content=\"https:\/\/calafellevasion.com\/fr\/blog\/\" \/>\n<meta property=\"og:site_name\" content=\"Calafell Evasi\u00f3n\" \/>\n<meta property=\"article:publisher\" content=\"https:\/\/www.facebook.com\/CalafellEvasion\" \/>\n<meta property=\"article:modified_time\" content=\"2024-08-28T07:03:34+00:00\" \/>\n<meta name=\"twitter:card\" content=\"summary_large_image\" \/>\n<meta name=\"twitter:label1\" content=\"Dur\u00e9e de lecture estim\u00e9e\" \/>\n\t<meta name=\"twitter:data1\" content=\"3 minutes\" \/>\n<script type=\"application\/ld+json\" class=\"yoast-schema-graph\">{\"@context\":\"https:\/\/schema.org\",\"@graph\":[{\"@type\":\"WebPage\",\"@id\":\"https:\/\/calafellevasion.com\/fr\/blog\/\",\"url\":\"https:\/\/calafellevasion.com\/fr\/blog\/\",\"name\":\"Blog - Calafell Evasi\u00f3n\",\"isPartOf\":{\"@id\":\"https:\/\/calafellevasion.com\/#website\"},\"datePublished\":\"2023-08-03T14:56:38+00:00\",\"dateModified\":\"2024-08-28T07:03:34+00:00\",\"description\":\"D\u00e9couvrez nos nombreux articles sur vos destinations pr\u00e9f\u00e9r\u00e9es en Espagne et au Portugal dans notre page de blog.\",\"breadcrumb\":{\"@id\":\"https:\/\/calafellevasion.com\/fr\/blog\/#breadcrumb\"},\"inLanguage\":\"fr-FR\",\"potentialAction\":[{\"@type\":\"ReadAction\",\"target\":[\"https:\/\/calafellevasion.com\/fr\/blog\/\"]}]},{\"@type\":\"BreadcrumbList\",\"@id\":\"https:\/\/calafellevasion.com\/fr\/blog\/#breadcrumb\",\"itemListElement\":[{\"@type\":\"ListItem\",\"position\":1,\"name\":\"Home\",\"item\":\"https:\/\/calafellevasion.com\/fr\/\"},{\"@type\":\"ListItem\",\"position\":2,\"name\":\"Blog\"}]},{\"@type\":\"WebSite\",\"@id\":\"https:\/\/calafellevasion.com\/#website\",\"url\":\"https:\/\/calafellevasion.com\/\",\"name\":\"Calafell Evasi\u00f3n\",\"description\":\"\",\"potentialAction\":[{\"@type\":\"SearchAction\",\"target\":{\"@type\":\"EntryPoint\",\"urlTemplate\":\"https:\/\/calafellevasion.com\/?s={search_term_string}\"},\"query-input\":{\"@type\":\"PropertyValueSpecification\",\"valueRequired\":true,\"valueName\":\"search_term_string\"}}],\"inLanguage\":\"fr-FR\"}]}<\/script>\n<!-- \/ Yoast SEO plugin. -->","yoast_head_json":{"title":"Blog - Calafell Evasi\u00f3n","description":"D\u00e9couvrez nos nombreux articles sur vos destinations pr\u00e9f\u00e9r\u00e9es en Espagne et au Portugal dans notre page de blog.","robots":{"index":"index","follow":"follow","max-snippet":"max-snippet:-1","max-image-preview":"max-image-preview:large","max-video-preview":"max-video-preview:-1"},"canonical":"https:\/\/calafellevasion.com\/fr\/blog\/","og_locale":"fr_FR","og_type":"article","og_title":"Blog - Calafell Evasi\u00f3n","og_description":"D\u00e9couvrez nos nombreux articles sur vos destinations pr\u00e9f\u00e9r\u00e9es en Espagne et au Portugal dans notre page de blog.","og_url":"https:\/\/calafellevasion.com\/fr\/blog\/","og_site_name":"Calafell Evasi\u00f3n","article_publisher":"https:\/\/www.facebook.com\/CalafellEvasion","article_modified_time":"2024-08-28T07:03:34+00:00","twitter_card":"summary_large_image","twitter_misc":{"Dur\u00e9e de lecture estim\u00e9e":"3 minutes"},"schema":{"@context":"https:\/\/schema.org","@graph":[{"@type":"WebPage","@id":"https:\/\/calafellevasion.com\/fr\/blog\/","url":"https:\/\/calafellevasion.com\/fr\/blog\/","name":"Blog - Calafell Evasi\u00f3n","isPartOf":{"@id":"https:\/\/calafellevasion.com\/#website"},"datePublished":"2023-08-03T14:56:38+00:00","dateModified":"2024-08-28T07:03:34+00:00","description":"D\u00e9couvrez nos nombreux articles sur vos destinations pr\u00e9f\u00e9r\u00e9es en Espagne et au Portugal dans notre page de blog.","breadcrumb":{"@id":"https:\/\/calafellevasion.com\/fr\/blog\/#breadcrumb"},"inLanguage":"fr-FR","potentialAction":[{"@type":"ReadAction","target":["https:\/\/calafellevasion.com\/fr\/blog\/"]}]},{"@type":"BreadcrumbList","@id":"https:\/\/calafellevasion.com\/fr\/blog\/#breadcrumb","itemListElement":[{"@type":"ListItem","position":1,"name":"Home","item":"https:\/\/calafellevasion.com\/fr\/"},{"@type":"ListItem","position":2,"name":"Blog"}]},{"@type":"WebSite","@id":"https:\/\/calafellevasion.com\/#website","url":"https:\/\/calafellevasion.com\/","name":"Calafell Evasi\u00f3n","description":"","potentialAction":[{"@type":"SearchAction","target":{"@type":"EntryPoint","urlTemplate":"https:\/\/calafellevasion.com\/?s={search_term_string}"},"query-input":{"@type":"PropertyValueSpecification","valueRequired":true,"valueName":"search_term_string"}}],"inLanguage":"fr-FR"}]}},"_links":{"self":[{"href":"https:\/\/calafellevasion.com\/fr\/wp-json\/wp\/v2\/pages\/463","targetHints":{"allow":["GET"]}}],"collection":[{"href":"https:\/\/calafellevasion.com\/fr\/wp-json\/wp\/v2\/pages"}],"about":[{"href":"https:\/\/calafellevasion.com\/fr\/wp-json\/wp\/v2\/types\/page"}],"author":[{"embeddable":true,"href":"https:\/\/calafellevasion.com\/fr\/wp-json\/wp\/v2\/users\/1"}],"replies":[{"embeddable":true,"href":"https:\/\/calafellevasion.com\/fr\/wp-json\/wp\/v2\/comments?post=463"}],"version-history":[{"count":9,"href":"https:\/\/calafellevasion.com\/fr\/wp-json\/wp\/v2\/pages\/463\/revisions"}],"predecessor-version":[{"id":3709,"href":"https:\/\/calafellevasion.com\/fr\/wp-json\/wp\/v2\/pages\/463\/revisions\/3709"}],"wp:attachment":[{"href":"https:\/\/calafellevasion.com\/fr\/wp-json\/wp\/v2\/media?parent=463"}],"curies":[{"name":"wp","href":"https:\/\/api.w.org\/{rel}","templated":true}]}}