{"id":1192,"date":"2023-10-03T16:13:27","date_gmt":"2023-10-03T14:13:27","guid":{"rendered":"https:\/\/calafellevasion.com\/?page_id=1192"},"modified":"2024-08-28T09:20:58","modified_gmt":"2024-08-28T07:20:58","slug":"politique-en-matiere-de-cookies","status":"publish","type":"page","link":"https:\/\/calafellevasion.com\/fr\/politique-en-matiere-de-cookies\/","title":{"rendered":"Politique en mati\u00e8re de cookies"},"content":{"rendered":"<div class=\"fusion-fullwidth fullwidth-box fusion-builder-row-1 fusion-flex-container nonhundred-percent-fullwidth non-hundred-percent-height-scrolling\" style=\"background-color: rgba(255,255,255,0);background-position: center center;background-repeat: no-repeat;border-width: 0px 0px 0px 0px;border-color:#e2e2e2;border-style:solid;\" ><div class=\"fusion-builder-row fusion-row fusion-flex-align-items-flex-start\" style=\"max-width:1497.6px;margin-left: calc(-4% \/ 2 );margin-right: calc(-4% \/ 2 );\"><div class=\"fusion-layout-column fusion_builder_column fusion-builder-column-0 fusion_builder_column_1_1 1_1 fusion-flex-column\"><div class=\"fusion-column-wrapper fusion-flex-justify-content-flex-start fusion-content-layout-column\" style=\"background-position:left top;background-repeat:no-repeat;-webkit-background-size:cover;-moz-background-size:cover;-o-background-size:cover;background-size:cover;padding: 0px 0px 0px 0px;\"><div class=\"fusion-text fusion-text-1\" style=\"transform:translate3d(0,0,0);\"><h4><strong>TRAITEMENT DES DONN\u00c9ES PERSONNELLES<\/strong><\/h4>\n<p>COMARRUGA AVENTURA, S.L., est le contr\u00f4leur des donn\u00e9es personnelles de la personne concern\u00e9e et vous informe que ces donn\u00e9es seront trait\u00e9es conform\u00e9ment aux dispositions du r\u00e8glement (UE) 2016\/679 du 27 avril 2016 (GDPR), pour lequel les informations de traitement suivantes vous sont fournies :<br \/>\nFinalit\u00e9s du traitement : telles que sp\u00e9cifi\u00e9es dans la section relative aux cookies utilis\u00e9s sur ce site web.<\/p>\n<p><strong>L\u00e9gitimation du traitement :<\/strong> Sauf dans les cas o\u00f9 il est n\u00e9cessaire pour la navigation sur le site web et par le consentement de la personne concern\u00e9e (art. 6.1 GDPR).<\/p>\n<p><strong>Crit\u00e8res de conservation des donn\u00e9es :<\/strong> Les donn\u00e9es seront conserv\u00e9es pendant une dur\u00e9e n&rsquo;exc\u00e9dant pas celle n\u00e9cessaire \u00e0 la r\u00e9alisation de la finalit\u00e9 du traitement ou \u00e0 l&rsquo;existence d&rsquo;obligations l\u00e9gales imposant leur conservation et, lorsqu&rsquo;elles ne seront plus n\u00e9cessaires \u00e0 cette fin, elles seront supprim\u00e9es avec des mesures de s\u00e9curit\u00e9 appropri\u00e9es pour garantir l&rsquo;anonymisation des donn\u00e9es ou leur destruction totale.<\/p>\n<p><strong>Communication des donn\u00e9es :<\/strong> les donn\u00e9es ne seront pas communiqu\u00e9es \u00e0 des tiers, sauf dans les cookies appartenant \u00e0 des tiers ou par obligation l\u00e9gale.<\/p>\n<p><strong><em>Droits de la personne concern\u00e9e :<\/em><\/strong><\/p>\n<ul>\n<li>Le droit de retirer son consentement \u00e0 tout moment.<\/li>\n<li>Droit d&rsquo;acc\u00e8s, de rectification, de portabilit\u00e9 et d&rsquo;effacement de vos donn\u00e9es et de limitation ou d&rsquo;opposition \u00e0 leur traitement.<\/li>\n<li>Droit d&rsquo;introduire une r\u00e9clamation aupr\u00e8s de l&rsquo;autorit\u00e9 de contr\u00f4le (www.aepd.es) si vous estimez que le traitement n&rsquo;est pas conforme \u00e0 la r\u00e9glementation en vigueur.<\/li>\n<\/ul>\n<p><strong><em>Coordonn\u00e9es pour l&rsquo;exercice de vos droits :<\/em><\/strong><\/p>\n<p><em>Raison sociale :<\/em> COMARRUGA AVENTURA, S.L.<br \/>\n<em>CIF :<\/em> B43475177.<br \/>\n<em>Adresse :<\/em> Av. de Bellissens, 42 \u2013 Planta 0 Puerta B-C \u2013 EDIFICI REDESSA, 43204 Reus TARRAGONA<br \/>\n<em>Personne de contact :<\/em> J\u00c9R\u00d4ME POUIL<br \/>\n<em>T\u00e9l\u00e9phone :<\/em> 977373015<br \/>\n<em>Courriel :<\/em> luc@calafellevasion.com<\/p>\n<h4>CE QUE SONT LES COOKIES ET COMMENT ILS SONT UTILIS\u00c9S PAR LE RESPONSABLE DE CE SITE WEB<\/h4>\n<p>Ce site web, comme la plupart des sites web sur Internet, utilise des cookies pour am\u00e9liorer et optimiser l&rsquo;exp\u00e9rience utilisateur. Les cookies sont des fichiers que le site web ou l&rsquo;application que vous utilisez installe sur votre navigateur ou sur votre appareil (t\u00e9l\u00e9phone mobile, tablette ou TV connect\u00e9e) pendant votre parcours sur les pages ou l&rsquo;application, et qui servent \u00e0 stocker des informations sur votre visite.<br \/>\nL&rsquo;utilisation des Cookies nous permet d&rsquo;optimiser votre navigation, en adaptant les informations et les services propos\u00e9s \u00e0 vos centres d&rsquo;int\u00e9r\u00eat, afin de vous offrir une meilleure exp\u00e9rience \u00e0 chaque fois que vous nous rendez visite. Ce site web utilise des cookies pour fonctionner, adapter et faciliter au maximum l&rsquo;exp\u00e9rience de navigation de l&rsquo;utilisateur.<br \/>\nLes cookies sont uniquement associ\u00e9s \u00e0 un utilisateur anonyme et \u00e0 son ordinateur\/appareil et ne fournissent pas de r\u00e9f\u00e9rences nous permettant de conna\u00eetre les donn\u00e9es personnelles. Vous pouvez \u00e0 tout moment acc\u00e9der \u00e0 la configuration de votre navigateur pour modifier et\/ou bloquer l&rsquo;installation des cookies envoy\u00e9s par le site sans que cela n&#8217;emp\u00eache l&rsquo;acc\u00e8s aux contenus. Toutefois, la qualit\u00e9 du fonctionnement des services peut en \u00eatre affect\u00e9e.<br \/>\nLes utilisateurs qui ont termin\u00e9 le processus d&rsquo;enregistrement ou qui se sont connect\u00e9s avec leurs donn\u00e9es d&rsquo;acc\u00e8s pourront acc\u00e9der \u00e0 des services personnalis\u00e9s adapt\u00e9s \u00e0 leurs pr\u00e9f\u00e9rences en fonction des informations personnelles fournies au moment de l&rsquo;enregistrement et de celles qui sont stock\u00e9es dans le cookie de leur navigateur.<\/p>\n<h4>POURQUOI LES COOKIES SONT-ILS IMPORTANTS ?<\/h4>\n<ul>\n<li>D&rsquo;un point de vue technique, ils permettent au site web de fonctionner de mani\u00e8re plus agile et de s&rsquo;adapter aux pr\u00e9f\u00e9rences des utilisateurs, par exemple en stockant la langue, la devise du pays ou en d\u00e9tectant le dispositif d&rsquo;acc\u00e8s.<\/li>\n<li>Ils \u00e9tablissent des niveaux de protection et de s\u00e9curit\u00e9 qui pr\u00e9viennent ou emp\u00eachent les cyberattaques contre le site web ou ses utilisateurs.<\/li>\n<li>Ils permettent aux gestionnaires de m\u00e9dias d&rsquo;obtenir des donn\u00e9es statistiques collect\u00e9es dans les cookies afin d&rsquo;am\u00e9liorer la qualit\u00e9 et l&rsquo;exp\u00e9rience de leurs services.<\/li>\n<li>Ils sont utilis\u00e9s pour optimiser la publicit\u00e9 que nous montrons aux utilisateurs, en leur proposant celle qui correspond le mieux \u00e0 leurs int\u00e9r\u00eats.<\/li>\n<\/ul>\n<h4>INFORMATIONS SUR LES COOKIES CONCERN\u00c9S PAR LA R\u00c9GLEMENTATION ET LES COOKIES EXEMPT\u00c9S<\/h4>\n<p>Conform\u00e9ment \u00e0 la loi 34\/2002, du 11 juillet, sur les services de la soci\u00e9t\u00e9 de l&rsquo;information et le commerce \u00e9lectronique (LSSI), en relation avec le r\u00e8glement (UE) 2016\/679 du Parlement europ\u00e9en et du Conseil, du 27 avril 2016, R\u00e8glement g\u00e9n\u00e9ral sur la protection des donn\u00e9es (RGPD) et la loi organique 3\/2018, du 5 d\u00e9cembre, sur la protection des donn\u00e9es et la garantie des droits num\u00e9riques (LOPDGDD), il est obligatoire d&rsquo;obtenir le consentement expr\u00e8s de l&rsquo;utilisateur de tous les sites Web qui utilisent des cookies dispensables, avant que l&rsquo;utilisateur ne navigue sur ces derniers.<br \/>\nSelon la directive europ\u00e9enne, les cookies qui requi\u00e8rent le consentement \u00e9clair\u00e9 de l&rsquo;utilisateur sont les cookies analytiques et les cookies publicitaires et d&rsquo;affiliation, \u00e0 l&rsquo;exception des cookies techniques et de ceux qui sont n\u00e9cessaires \u00e0 la navigation de l&rsquo;utilisateur.<\/p>\n<h4>TYPES DE COOKIES UTILIS\u00c9S PAR CE SITE WEB<\/h4>\n<ul>\n<li>\n<h6><em>Cookies techniques et fonctionnels : <\/em><\/h6>\n<\/li>\n<\/ul>\n<p>Ce sont ceux qui permettent \u00e0 l&rsquo;utilisateur de naviguer sur un site web, une plateforme ou une application et d&rsquo;utiliser les diff\u00e9rentes options ou services qui y existent.<\/p>\n<ul>\n<li>\n<h6><em>Cookies analytiques :<\/em><\/h6>\n<\/li>\n<\/ul>\n<p>Ce sont ceux qui permettent au responsable de suivre et d&rsquo;analyser le comportement des utilisateurs des sites web auxquels ils sont li\u00e9s. Les informations collect\u00e9es par ce type de cookies sont utilis\u00e9es pour mesurer l&rsquo;activit\u00e9 des sites web, applications ou plateformes et pour \u00e9laborer des profils de navigation des utilisateurs de ces sites, applications et plateformes, afin d&rsquo;introduire des am\u00e9liorations bas\u00e9es sur l&rsquo;analyse des donn\u00e9es d&rsquo;utilisation r\u00e9alis\u00e9es par les utilisateurs du service.<\/p>\n<ul>\n<li>\n<h6><em>Cookies publicitaires :<\/em><\/h6>\n<\/li>\n<\/ul>\n<p>Ce sont ceux qui permettent de g\u00e9rer, de la mani\u00e8re la plus efficace possible, les espaces publicitaires que, le cas \u00e9ch\u00e9ant, l&rsquo;\u00e9diteur a inclus sur un site web, une application ou une plateforme \u00e0 partir de laquelle il fournit le service demand\u00e9, sur la base de crit\u00e8res tels que le contenu \u00e9dit\u00e9 ou la fr\u00e9quence \u00e0 laquelle les publicit\u00e9s sont affich\u00e9s.<\/p>\n<ul>\n<li>\n<h6><em>Cookies de publicit\u00e9 comportementale :<\/em><\/h6>\n<\/li>\n<\/ul>\n<p>Ils collectent des informations sur les pr\u00e9f\u00e9rences et les choix personnels de l&rsquo;utilisateur (retargeting) pour permettre la gestion, de la mani\u00e8re la plus efficace possible, des espaces publicitaires que, le cas \u00e9ch\u00e9ant, l&rsquo;\u00e9diteur a inclus sur une page web, une application ou une plateforme \u00e0 partir de laquelle il fournit le service demand\u00e9.<\/p>\n<ul>\n<li>\n<h6><em>Cookies sociaux :<\/em><\/h6>\n<\/li>\n<\/ul>\n<p>Ils sont d\u00e9finis par les plateformes de m\u00e9dias sociaux sur les Services pour vous permettre de partager du contenu avec vos amis et vos r\u00e9seaux. Les plateformes de m\u00e9dias sociaux ont la possibilit\u00e9 de suivre votre activit\u00e9 en ligne en dehors des services. Cela peut affecter le contenu et les messages que vous voyez sur d&rsquo;autres services que vous visitez.<\/p>\n<ul>\n<li>\n<h6><em>Cookies de s\u00e9curit\u00e9 :<\/em><\/h6>\n<\/li>\n<\/ul>\n<p>Ils stockent des informations crypt\u00e9es afin d&rsquo;\u00e9viter que les donn\u00e9es qu&rsquo;ils contiennent ne soient vuln\u00e9rables aux attaques malveillantes de tiers.<\/p>\n<ul>\n<li>\n<h6><em>Cookies propres :<\/em><\/h6>\n<\/li>\n<\/ul>\n<p>Ce sont ceux qui sont envoy\u00e9s \u00e0 l&rsquo;\u00e9quipement terminal de l&rsquo;utilisateur \u00e0 partir d&rsquo;un ordinateur ou d&rsquo;un domaine g\u00e9r\u00e9 par l&rsquo;\u00e9diteur lui-m\u00eame et \u00e0 partir duquel le service demand\u00e9 par l&rsquo;utilisateur est fourni.<\/p>\n<ul>\n<li>\n<h6><em>Cookies de tiers :<\/em><\/h6>\n<\/li>\n<\/ul>\n<p>Ce sont ceux qui sont envoy\u00e9s \u00e0 l&rsquo;\u00e9quipement terminal de l&rsquo;utilisateur \u00e0 partir d&rsquo;un ordinateur ou d&rsquo;un domaine qui n&rsquo;est pas g\u00e9r\u00e9 par l&rsquo;\u00e9diteur, mais par une autre entit\u00e9 qui traite les donn\u00e9es obtenues par le biais des cookies.<\/p>\n<ul>\n<li>\n<h6><em>Cookies de session :<\/em><\/h6>\n<\/li>\n<\/ul>\n<p>Il s&rsquo;agit d&rsquo;un type de cookies con\u00e7us pour collecter et stocker des donn\u00e9es pendant que l&rsquo;utilisateur acc\u00e8de \u00e0 une page web.<\/p>\n<ul>\n<li>\n<h6><em>Cookies persistants :<\/em><\/h6>\n<\/li>\n<\/ul>\n<p>Il s&rsquo;agit d&rsquo;un type de cookie dans lequel les donn\u00e9es restent stock\u00e9es dans le terminal et peuvent \u00eatre consult\u00e9es et trait\u00e9es pendant une p\u00e9riode d\u00e9finie par le responsable du cookie, qui peut aller de quelques minutes \u00e0 plusieurs ann\u00e9es.<\/p>\n<h4><strong>PANNEAU DE CONFIGURATION DES COOKIES<\/strong><\/h4>\n<p>\u00c0 partir de ce panneau, vous pouvez configurer les cookies que le site Web peut installer sur votre navigateur, \u00e0 l&rsquo;exception des cookies techniques ou fonctionnels qui sont n\u00e9cessaires \u00e0 la navigation et \u00e0 l&rsquo;utilisation des diff\u00e9rentes options ou services propos\u00e9s.<\/p>\n<h5>COMMENT G\u00c9RER LES COOKIES \u00c0 PARTIR DU NAVIGATEUR :<\/h5>\n<ul>\n<li><em>Supprimer les cookies du dispositif :<\/em><\/li>\n<\/ul>\n<p>Ceux d\u00e9j\u00e0 pr\u00e9sents sur un dispositif peuvent \u00eatre supprim\u00e9s en effa\u00e7ant l&rsquo;historique du navigateur, supprimant ainsi les cookies de tous les sites web visit\u00e9s. Toutefois, certaines des informations enregistr\u00e9es (par exemple, les donn\u00e9es de connexion ou les pr\u00e9f\u00e9rences du site web) peuvent \u00e9galement \u00eatre perdues.<\/p>\n<ul>\n<li><em>G\u00e9rer les cookies sp\u00e9cifiques \u00e0 un site :<\/em><\/li>\n<\/ul>\n<p>Pour avoir un contr\u00f4le plus pr\u00e9cis sur les cookies sp\u00e9cifiques \u00e0 un site, les utilisateurs peuvent ajuster leurs param\u00e8tres de confidentialit\u00e9 et de cookies dans leur navigateur.<\/p>\n<ul>\n<li><em>Bloquer les cookies :<\/em><\/li>\n<\/ul>\n<p>Bien que la plupart des navigateurs actuels puissent \u00eatre configur\u00e9s pour emp\u00eacher l&rsquo;installation de cookies sur les appareils, cela peut n\u00e9cessiter un ajustement manuel de certaines pr\u00e9f\u00e9rences \u00e0 chaque fois qu&rsquo;un site ou une page est visit\u00e9(e). En outre, il se peut que certains services et cetaines fonctions ne fonctionnent pas correctement (par exemple, l&rsquo;ouverture d&rsquo;une session sur un profil).<\/p>\n<\/div>\n<div class=\"table-1\">\n<table width=\"100%\">\n<thead>\n<tr>\n<th align=\"left\">Propre \/ Tier<\/th>\n<th align=\"left\">But<\/th>\n<th align=\"left\">Nom du cookie<\/th>\n<th align=\"left\">Description du But<\/th>\n<th align=\"left\">Expiration<\/th>\n<\/tr>\n<\/thead>\n<tbody>\n<tr>\n<td align=\"left\">Propre<\/td>\n<td align=\"left\">Technique<\/td>\n<td align=\"left\">PHPSESSID<\/td>\n<td align=\"left\">Ce cookie est originaire des applications PHP. Le cookie stocke et identifie l&rsquo;ID de session unique d&rsquo;un utilisateur pour g\u00e9rer les sessions utilisateur sur le site Web. Le cookie est un cookie de session et sera supprim\u00e9 lorsque toutes les fen\u00eatres du navigateur seront ferm\u00e9es.<\/td>\n<td align=\"left\">session<\/td>\n<\/tr>\n<tr>\n<td align=\"left\">Propre<\/td>\n<td align=\"left\">Technique<\/td>\n<td align=\"left\">cookieyes-consent<\/td>\n<td align=\"left\">CookieYes est un cookie pour m\u00e9moriser les pr\u00e9f\u00e9rences de consentement des utilisateurs afin que leurs pr\u00e9f\u00e9rences soient respect\u00e9es lors de visites ult\u00e9rieures sur ce site. Il ne collecte ni ne stocke aucune information personnelle sur les visiteurs du site.<\/td>\n<td align=\"left\">1 an<\/td>\n<\/tr>\n<tr>\n<td align=\"left\">Google (Tier)<\/td>\n<td align=\"left\">Technique<\/td>\n<td align=\"left\">_GRECAPTCHA<\/td>\n<td align=\"left\">Ce cookie est d\u00e9fini par le service Recaptcha de Google pour identifier les robots et prot\u00e9ger le site Web contre les attaques de spam malveillantes.<\/td>\n<td align=\"left\">6 mois<\/td>\n<\/tr>\n<\/tbody>\n<\/table>\n<\/div>\n<div class=\"fusion-text fusion-text-2\" style=\"transform:translate3d(0,0,0);\"><h4><strong>COMMENT SUPPRIMER LES COOKIES DES NAVIGATEURS LES PLUS COURANTS<\/strong><\/h4>\n<p>L&rsquo;utilisateur peut \u00e0 tout moment choisir les cookies qu&rsquo;il souhaite voir fonctionner sur ce site web, par exemple en configurant les param\u00e8tres de son navigateur \u00e0 l&rsquo;adresse suivante :<\/p>\n<p><em>Chrome :<\/em> <a href=\"https:\/\/support.google.com\/chrome\/answer\/95647?hl=es\">https:\/\/support.google.com\/chrome\/answer\/95647?hl=es<\/a><br \/>\n<em>Edge :<\/em> <a href=\"https:\/\/support.microsoft.com\/es-es\/microsoft-edge\/eliminar-las-cookies-en-microsoft-edge- 63947406-40ac-c3b8-57b9-2a946a29ae09\">https:\/\/support.microsoft.com\/es-es\/microsoft-edge\/eliminar-las-cookies-en-microsoft-edge- 63947406-40ac-c3b8-57b9-2a946a29ae09<\/a><br \/>\n<em>Explorer :<\/em><a href=\"https:\/\/support.microsoft.com\/es-es\/help\/278835\/how-to-delete-cookie-files-in-internet-explorer\"> https:\/\/support.microsoft.com\/es-es\/help\/278835\/how-to-delete-cookie-files-in-internet-explorer<\/a><br \/>\n<em>Firefox :<\/em> <a href=\"https:\/\/www.mozilla.org\/es-ES\/privacy\/websites\/#cookies\">https:\/\/www.mozilla.org\/es-ES\/privacy\/websites\/#cookies<\/a><br \/>\n<em>Safari :<\/em> <a href=\"https:\/\/support.apple.com\/es-es\/guide\/safari\/sfri11471\/mac\">https:\/\/support.apple.com\/es-es\/guide\/safari\/sfri11471\/mac<\/a><br \/>\n<em>Opera :<\/em> <a href=\"https:\/\/help.opera.com\/en\/latest\/security-and-privacy\/#clearBrowsingData\">https:\/\/help.opera.com\/en\/latest\/security-and-privacy\/#clearBrowsingData<\/a><\/p>\n<p><strong>MISE \u00c0 JOUR DE NOTRE POLITIQUE EN MATI\u00c8RE DE COOKIES<\/strong><\/p>\n<p>Nous pouvons p\u00e9riodiquement mettre \u00e0 jour notre politique en mati\u00e8re de cookies sur ce site web. Nous vous recommandons donc de la consulter chaque fois que vous acc\u00e9dez \u00e0 ce site web afin d&rsquo;\u00eatre correctement inform\u00e9 de la mani\u00e8re dont nous utilisons notre politique en mati\u00e8re de cookies et \u00e0 quelles fins.<\/p>\n<\/div><\/div><\/div><style type=\"text\/css\">.fusion-body .fusion-builder-column-0{width:100% !important;margin-top : 0px;margin-bottom : 20px;}.fusion-builder-column-0 > .fusion-column-wrapper {padding-top : 0px !important;padding-right : 0px !important;margin-right : 1.92%;padding-bottom : 0px !important;padding-left : 0px !important;margin-left : 1.92%;}@media only screen and (max-width:1024px) {.fusion-body .fusion-builder-column-0{width:100% !important;order : 0;}.fusion-builder-column-0 > .fusion-column-wrapper {margin-right : 1.92%;margin-left : 1.92%;}}@media only screen and (max-width:640px) {.fusion-body .fusion-builder-column-0{width:100% !important;order : 0;}.fusion-builder-column-0 > .fusion-column-wrapper {margin-right : 1.92%;margin-left : 1.92%;}}<\/style><\/div><style type=\"text\/css\">.fusion-body .fusion-flex-container.fusion-builder-row-1{ padding-top : 0px;margin-top : 0px;padding-right : 0px;padding-bottom : 0px;margin-bottom : 0px;padding-left : 0px;}<\/style><\/div>\n","protected":false},"excerpt":{"rendered":"","protected":false},"author":3,"featured_media":0,"parent":0,"menu_order":0,"comment_status":"closed","ping_status":"closed","template":"","meta":{"om_disable_all_campaigns":false,"_monsterinsights_skip_tracking":false,"_monsterinsights_sitenote_active":false,"_monsterinsights_sitenote_note":"","_monsterinsights_sitenote_category":0,"_uf_show_specific_survey":0,"_uf_disable_surveys":false,"footnotes":""},"class_list":["post-1192","page","type-page","status-publish","hentry"],"yoast_head":"<!-- This site is optimized with the Yoast SEO plugin v24.6 - https:\/\/yoast.com\/wordpress\/plugins\/seo\/ -->\n<title>Politique en mati\u00e8re de cookies - Calafell Evasi\u00f3n<\/title>\n<meta name=\"description\" content=\"D\u00e9couvrez notre politique en mati\u00e8re de cookies d\u00e9taill\u00e9es de notre page web ainsi que plus d&#039;informations.\" \/>\n<meta name=\"robots\" content=\"index, follow, max-snippet:-1, max-image-preview:large, max-video-preview:-1\" \/>\n<link rel=\"canonical\" href=\"https:\/\/calafellevasion.com\/fr\/politique-en-matiere-de-cookies\/\" \/>\n<meta property=\"og:locale\" content=\"fr_FR\" \/>\n<meta property=\"og:type\" content=\"article\" \/>\n<meta property=\"og:title\" content=\"Politique en mati\u00e8re de cookies - Calafell Evasi\u00f3n\" \/>\n<meta property=\"og:description\" content=\"D\u00e9couvrez notre politique en mati\u00e8re de cookies d\u00e9taill\u00e9es de notre page web ainsi que plus d&#039;informations.\" \/>\n<meta property=\"og:url\" content=\"https:\/\/calafellevasion.com\/fr\/politique-en-matiere-de-cookies\/\" \/>\n<meta property=\"og:site_name\" content=\"Calafell Evasi\u00f3n\" \/>\n<meta property=\"article:publisher\" content=\"https:\/\/www.facebook.com\/CalafellEvasion\" \/>\n<meta property=\"article:modified_time\" content=\"2024-08-28T07:20:58+00:00\" \/>\n<meta name=\"twitter:card\" content=\"summary_large_image\" \/>\n<meta name=\"twitter:label1\" content=\"Dur\u00e9e de lecture estim\u00e9e\" \/>\n\t<meta name=\"twitter:data1\" content=\"9 minutes\" \/>\n<script type=\"application\/ld+json\" class=\"yoast-schema-graph\">{\"@context\":\"https:\/\/schema.org\",\"@graph\":[{\"@type\":\"WebPage\",\"@id\":\"https:\/\/calafellevasion.com\/fr\/politique-en-matiere-de-cookies\/\",\"url\":\"https:\/\/calafellevasion.com\/fr\/politique-en-matiere-de-cookies\/\",\"name\":\"Politique en mati\u00e8re de cookies - Calafell Evasi\u00f3n\",\"isPartOf\":{\"@id\":\"https:\/\/calafellevasion.com\/#website\"},\"datePublished\":\"2023-10-03T14:13:27+00:00\",\"dateModified\":\"2024-08-28T07:20:58+00:00\",\"description\":\"D\u00e9couvrez notre politique en mati\u00e8re de cookies d\u00e9taill\u00e9es de notre page web ainsi que plus d'informations.\",\"breadcrumb\":{\"@id\":\"https:\/\/calafellevasion.com\/fr\/politique-en-matiere-de-cookies\/#breadcrumb\"},\"inLanguage\":\"fr-FR\",\"potentialAction\":[{\"@type\":\"ReadAction\",\"target\":[\"https:\/\/calafellevasion.com\/fr\/politique-en-matiere-de-cookies\/\"]}]},{\"@type\":\"BreadcrumbList\",\"@id\":\"https:\/\/calafellevasion.com\/fr\/politique-en-matiere-de-cookies\/#breadcrumb\",\"itemListElement\":[{\"@type\":\"ListItem\",\"position\":1,\"name\":\"Home\",\"item\":\"https:\/\/calafellevasion.com\/fr\/\"},{\"@type\":\"ListItem\",\"position\":2,\"name\":\"Politique en mati\u00e8re de cookies\"}]},{\"@type\":\"WebSite\",\"@id\":\"https:\/\/calafellevasion.com\/#website\",\"url\":\"https:\/\/calafellevasion.com\/\",\"name\":\"Calafell Evasi\u00f3n\",\"description\":\"\",\"potentialAction\":[{\"@type\":\"SearchAction\",\"target\":{\"@type\":\"EntryPoint\",\"urlTemplate\":\"https:\/\/calafellevasion.com\/?s={search_term_string}\"},\"query-input\":{\"@type\":\"PropertyValueSpecification\",\"valueRequired\":true,\"valueName\":\"search_term_string\"}}],\"inLanguage\":\"fr-FR\"}]}<\/script>\n<!-- \/ Yoast SEO plugin. -->","yoast_head_json":{"title":"Politique en mati\u00e8re de cookies - Calafell Evasi\u00f3n","description":"D\u00e9couvrez notre politique en mati\u00e8re de cookies d\u00e9taill\u00e9es de notre page web ainsi que plus d'informations.","robots":{"index":"index","follow":"follow","max-snippet":"max-snippet:-1","max-image-preview":"max-image-preview:large","max-video-preview":"max-video-preview:-1"},"canonical":"https:\/\/calafellevasion.com\/fr\/politique-en-matiere-de-cookies\/","og_locale":"fr_FR","og_type":"article","og_title":"Politique en mati\u00e8re de cookies - Calafell Evasi\u00f3n","og_description":"D\u00e9couvrez notre politique en mati\u00e8re de cookies d\u00e9taill\u00e9es de notre page web ainsi que plus d'informations.","og_url":"https:\/\/calafellevasion.com\/fr\/politique-en-matiere-de-cookies\/","og_site_name":"Calafell Evasi\u00f3n","article_publisher":"https:\/\/www.facebook.com\/CalafellEvasion","article_modified_time":"2024-08-28T07:20:58+00:00","twitter_card":"summary_large_image","twitter_misc":{"Dur\u00e9e de lecture estim\u00e9e":"9 minutes"},"schema":{"@context":"https:\/\/schema.org","@graph":[{"@type":"WebPage","@id":"https:\/\/calafellevasion.com\/fr\/politique-en-matiere-de-cookies\/","url":"https:\/\/calafellevasion.com\/fr\/politique-en-matiere-de-cookies\/","name":"Politique en mati\u00e8re de cookies - Calafell Evasi\u00f3n","isPartOf":{"@id":"https:\/\/calafellevasion.com\/#website"},"datePublished":"2023-10-03T14:13:27+00:00","dateModified":"2024-08-28T07:20:58+00:00","description":"D\u00e9couvrez notre politique en mati\u00e8re de cookies d\u00e9taill\u00e9es de notre page web ainsi que plus d'informations.","breadcrumb":{"@id":"https:\/\/calafellevasion.com\/fr\/politique-en-matiere-de-cookies\/#breadcrumb"},"inLanguage":"fr-FR","potentialAction":[{"@type":"ReadAction","target":["https:\/\/calafellevasion.com\/fr\/politique-en-matiere-de-cookies\/"]}]},{"@type":"BreadcrumbList","@id":"https:\/\/calafellevasion.com\/fr\/politique-en-matiere-de-cookies\/#breadcrumb","itemListElement":[{"@type":"ListItem","position":1,"name":"Home","item":"https:\/\/calafellevasion.com\/fr\/"},{"@type":"ListItem","position":2,"name":"Politique en mati\u00e8re de cookies"}]},{"@type":"WebSite","@id":"https:\/\/calafellevasion.com\/#website","url":"https:\/\/calafellevasion.com\/","name":"Calafell Evasi\u00f3n","description":"","potentialAction":[{"@type":"SearchAction","target":{"@type":"EntryPoint","urlTemplate":"https:\/\/calafellevasion.com\/?s={search_term_string}"},"query-input":{"@type":"PropertyValueSpecification","valueRequired":true,"valueName":"search_term_string"}}],"inLanguage":"fr-FR"}]}},"_links":{"self":[{"href":"https:\/\/calafellevasion.com\/fr\/wp-json\/wp\/v2\/pages\/1192","targetHints":{"allow":["GET"]}}],"collection":[{"href":"https:\/\/calafellevasion.com\/fr\/wp-json\/wp\/v2\/pages"}],"about":[{"href":"https:\/\/calafellevasion.com\/fr\/wp-json\/wp\/v2\/types\/page"}],"author":[{"embeddable":true,"href":"https:\/\/calafellevasion.com\/fr\/wp-json\/wp\/v2\/users\/3"}],"replies":[{"embeddable":true,"href":"https:\/\/calafellevasion.com\/fr\/wp-json\/wp\/v2\/comments?post=1192"}],"version-history":[{"count":12,"href":"https:\/\/calafellevasion.com\/fr\/wp-json\/wp\/v2\/pages\/1192\/revisions"}],"predecessor-version":[{"id":2988,"href":"https:\/\/calafellevasion.com\/fr\/wp-json\/wp\/v2\/pages\/1192\/revisions\/2988"}],"wp:attachment":[{"href":"https:\/\/calafellevasion.com\/fr\/wp-json\/wp\/v2\/media?parent=1192"}],"curies":[{"name":"wp","href":"https:\/\/api.w.org\/{rel}","templated":true}]}}